{"id":3,"date":"2022-09-04T21:41:20","date_gmt":"2022-09-04T19:41:20","guid":{"rendered":"http:\/\/adoptujpsa.com.pl\/?page_id=3"},"modified":"2026-03-26T15:04:26","modified_gmt":"2026-03-26T14:04:26","slug":"polityka-prywatnosci","status":"publish","type":"page","link":"http:\/\/adoptujpsa.com.pl\/?page_id=3","title":{"rendered":"WA\u017bNE INFORMACJE"},"content":{"rendered":"\n<p>WA\u017bNE INFORMACJE<br>Regulamin Schroniska i hotelu dla zwierz\u0105t Jasionka<br>Jasionka 95-100 Zgierz, ul. Sko\u015bna 15 gmina Zgierz<br>\u00a71<br>Poj\u0119cia u\u017cyte w regulaminie Schroniska oznaczaj\u0105<br>W\u0142a\u015bciciel \u2013 osoba z kt\u00f3rej inicjatywy i jej \u015brodk\u00f3w w\u0142asnych powsta\u0142o Schronisko dla<br>zwierz\u0105t.<br>Schronisko dla zwierz\u0105t\u2013 Schronisko dla bezdomnych zwierz\u0105t \u201eJasionka\u201d<br>Pracownicy \u2013 osoby zatrudnieni na terenie schroniska<br>Opiekun \u2013 Osoba odpowiedzialna za opiek\u0119 nad zwierz\u0119tami w Schronisku ich<br>piel\u0119gnacj\u0119 oraz utrzymanie porz\u0105dku i czysto\u015bci w boksach dla zwierz\u0105t.<br>Karetka dla Zwierz\u0105t \u2013 pojazd przystosowany do przewozu rannych i okaleczonych<br>zwierz\u0105t<br>Samoch\u00f3d do przewozu zwierz\u0105t \u2013 pojazd przystosowany do przewozu zwierz\u0105t<br>od\u0142owionych, odbieranych z terenu Miast i Gmin z kt\u00f3rym Schronisko ma podpisan\u0105<br>umow\u0119<br>Wolontariusz \u2013 osoba, kt\u00f3ra dobrowolnie i nieodp\u0142atnie wyrazi ch\u0119\u0107 pracy na rzecz<br>zwierz\u0105t na terenie Schroniska, oraz podpisze porozumienie o wzajemnej wsp\u00f3\u0142pracy z<br>fundacj\u0105 koordynuj\u0105c\u0105 wolontariat..<br>Regulamin \u2013 dokument okre\u015blaj\u0105cy wewn\u0119trzna organizacj\u0119, zasady i zakres<br>funkcjonowania Schroniska \u201eJasionka\u201d.<br>\u00a72<br>Podstawy prawne<\/p>\n\n\n\n<ol class=\"wp-block-list\">\n<li>Schronisko dzia\u0142a zgodnie z wytycznymi Rozporz\u0105dzenia Ministra Rolnictwa i Rozwoju<br>Wsi z dnia 23 czerwca 2004 roku w sprawie szczeg\u00f3\u0142owych wymaga\u0144 weterynaryjnych<br>dla prowadzenia schronisk dla zwierz\u0105t (Dz. U. Nr 158 poz. 1657 z p\u00f3\u017an. zmianami).<\/li>\n\n\n\n<li>Ustawa o ochronie zwierz\u0105t z dnia 21 sierpnia 1997 z p\u00f3\u017an. zmianami)<\/li>\n\n\n\n<li>Ustawa o ochronie zdrowia zwierz\u0105t oraz zwalczaniu chor\u00f3b zaka\u017anych zwierz\u0105t z dnia<br>11 marca 2004r(Dz.U 2004 poz 625 z p\u00f3\u017an. zmianami)<\/li>\n\n\n\n<li>Rozporz\u0105dzenie Ministra Spraw Wewn\u0119trznych I Administracji z dnia 25 sierpnia 1998r w<br>sprawie zasad i warunk\u00f3w wy\u0142apywania bezdomnych zwierz\u0105t<br>\u00a73<br>Postanowienia og\u00f3lne<\/li>\n\n\n\n<li>Schronisko dla Zwierz\u0105t \u201eJasionka\u201d jest prowadzone przez \u017bWIR-MAX FIRMA<br>Przemys\u0142aw Skupi\u0144ski<\/li>\n\n\n\n<li>Obszarem dzia\u0142ania Schroniska jest obszar Miast i Gmin z kt\u00f3rymi Schronisko nawi\u0105za\u0142o<br>wsp\u00f3\u0142prac\u0119 na podstawie zawartych um\u00f3w .<\/li>\n\n\n\n<li>Ide\u0105 schroniska jest poszukiwanie w\u0142a\u015bcicieli, przeprowadzanie adopcji, a tak\u017ce<br>zapewnienie przebywaj\u0105cym w Schronisku zwierz\u0119tom w\u0142a\u015bciwych warunk\u00f3w<br>utrzymania, zgodnie z ich podstawowymi potrzebami, a tak\u017ce zapewnienie im opieki<br>weterynaryjnej i bezpiecze\u0144stwa zgodnie z obowi\u0105zuj\u0105cymi przepisami<br>\u00a74<br>Przyj\u0119cia interesant\u00f3w i odwiedzin w Schronisku<\/li>\n\n\n\n<li>Godziny pracy Schroniska oraz przyj\u0119\u0107 interesant\u00f3w ustala w\u0142a\u015bciciel Schroniska.<\/li>\n\n\n\n<li>Odwiedziny grup zorganizowanych s\u0105 mo\u017cliwe tylko i wy\u0142\u0105cznie po wcze\u015bniejszym<br>ustaleniu. Zastrzega si\u0119 ,\u017ce grupy zorganizowane nie mog\u0105 przemieszcza\u0107 si\u0119 przy<br>boksach ze zwierz\u0119tami.<\/li>\n\n\n\n<li>Po wej\u015bciu na teren obiektu opiekunowie grup zorganizowanych zapoznaj\u0105 si\u0119 z<br>regulaminem Schroniska, oraz s\u0105 zobowi\u0105zani do podpisania stosownego o\u015bwiadczenia<br>o zapoznaniu z zasadami zachowania si\u0119 na terenie Schroniska i ponoszeniu pe\u0142nej<br>odpowiedzialno\u015bci za pozostaj\u0105c\u0105 pod ich opiek\u0105 grup\u0119<\/li>\n\n\n\n<li>Zabrania si\u0119:<br>a. Przebywania na terenie Schroniska osobom pod wp\u0142ywem alkoholu.<br>b. Przebywania na terenie Schroniska osob\u0105 niepe\u0142noletnim bez opieki doros\u0142ych.<br>c. Przebywania na terenie Schroniska poza budynkiem administracyjnym bez zgody<br>W\u0142a\u015bciciela schroniska<br>d. Dra\u017cnienia i pobudzania zwierz\u0105t<br>e. Karmienia zwierz\u0105t<br>f. Samodzielnego zbli\u017cania si\u0119 i otwierania boks\u00f3w bez nadzoru i obecno\u015bci<br>uprawnionego pracownika Schroniska<br>g. Przebywania na terenie Schroniska poza godzinami pracy plac\u00f3wki bez zgody<br>W\u0142a\u015bciciela i obecno\u015bci pracownika Schroniska.<br>h. Palenia papieros\u00f3w poza miejscami do tego wyznaczonymi<br>i. Wprowadzania obcych zwierz\u0105t w okolice boks\u00f3w Schroniskowych.<br>\u00a75<br>Pracownicy zatrudnieni na ternie Schroniska Jasionka<\/li>\n\n\n\n<li>Ka\u017cdy pracownik ma okre\u015blony zakres obowi\u0105zk\u00f3w<\/li>\n\n\n\n<li>Wszyscy pracownicy musz\u0105 zapozna\u0107 si\u0119 z ustaw\u0105 o ochronie zwierz\u0105t, oraz innymi<br>obowi\u0105zuj\u0105cymi wytycznymi i procedurami w zakresie wykonywanych czynno\u015bci<\/li>\n\n\n\n<li>Wszyscy pracownicy Schroniska s\u0105 przeszkoleni w zakresie przestrzegania przepis\u00f3w<br>BHP i P\/PO\u017b ze szczeg\u00f3lnym uwzgl\u0119dnieniem pracy ze zwierz\u0119tami<\/li>\n\n\n\n<li>Pracownik musi odznacza\u0107 si\u0119 du\u017c\u0105 empati\u0105 do zwierz\u0105t, cierpliwo\u015bci\u0105, spokojem oraz<br>profesjonalnym i odpowiedzialnym podej\u015bciem do wykonywanych wszystkich czynno\u015bci<br>zwi\u0105zanych z opiek\u0105 nad zwierz\u0119tami.<\/li>\n\n\n\n<li>Niew\u0142a\u015bciwe obchodzenie si\u0119 ze zwierz\u0119ciem jest naruszeniem podstawowych<br>obowi\u0105zk\u00f3w s\u0142u\u017cbowych i skutkuje rozwi\u0105zaniem umowy o prace w trybie<br>natychmiastowym a nawet konsekwencjami prawnymi.<br>\u00a76<br>Warunki Sanitarno Epidemiologiczne w Schronisku<\/li>\n\n\n\n<li>Warunki sanitarno-epidemiologiczne zgodnie z obowi\u0105zuj\u0105cymi podstawami prawnymi<br>min: Ustaw\u0105 o ochronie zdrowia zwierz\u0105t, oraz zwalczaniu chor\u00f3b zaka\u017anych zwierz\u0105t z<br>dnia 11 marca 2004r(Dz.U 2004 poz 625 z p\u00f3\u017an.zmianami) innymi wytycznymi i<br>procedurami w tym zakresie obowi\u0105zuj\u0105cymi w Schronisku<br>\u00a77<br>Warunki Utrzymania Zwierz\u0105t w Schronisku:<\/li>\n\n\n\n<li>Warunki utrzymywania zwierz\u0105t okre\u015blaj\u0105 przepisy prawne okre\u015blone w \u00a72 niniejszego<br>regulaminu.<\/li>\n\n\n\n<li>Pozosta\u0142e obowi\u0105zuj\u0105ce warunki zgodnie z ustaw\u0105 o ochronie zwierz\u0105t i wytycznymi<br>lekarza weterynarii<br>\u00a78<br>Przyjmowanie Zwierz\u0105t do Schroniska<\/li>\n\n\n\n<li>Do Schroniska przyjmowane s\u0105 zwierz\u0119ta bezdomne zgodnie z definicj\u0105 zawart\u0105 w art. 4<br>pkt. 16 z dnia 21. 08. 1997 r. o ochronie zwierz\u0105t (Dz. U. z 2003 r. Nr 106 poz. 1002 z<br>p\u00f3\u017an. zm.).<\/li>\n\n\n\n<li>Schronisko przyjmuje ka\u017cde zwierz\u0119 bezdomne z terenu Miasta lub Gminy z kt\u00f3r\u0105<br>wcze\u015bniej nawi\u0105za\u0142o wsp\u00f3\u0142prace na mocy podpisanej umowy i zgodnie z warunkami<br>ustalonymi w tej umowie.<\/li>\n\n\n\n<li>Do Schroniska zwierz\u0119ta przywo\u017cone s\u0105 przez uprawnionego do transportu pracownika<br>Schroniska lub przedstawiciela jednostki samorz\u0105dowej z danego terenu<br>( Policja , SM, SG, UM, UM ) wed\u0142ug zawartej z danym podmiotem umowy.<\/li>\n\n\n\n<li>Schronisko przyjmie zwierz\u0119 od osoby prywatnej wy\u0142\u0105cznie po wcze\u015bniejszym uzyskaniu<br>pisemnej zgody od Prezydenta, Burmistrza lub W\u00f3jta z danego terenu.<\/li>\n\n\n\n<li>W\u0142a\u015bciciel kt\u00f3ry uzyska\u0142 zgod\u0119 Prezydenta Burmistrza lub W\u00f3jta danego Miasta lub<br>Gminy do oddania zwierz\u0119cia jest zobowi\u0105zany do przekazania wraz z nim posiadanych<br>dokument\u00f3w dotycz\u0105cych zwierz\u0119cia oraz wszystkich informacji na jego temat jakie s\u0105<br>mu znane.<\/li>\n\n\n\n<li>Zwierz\u0119ta do Schroniska przyjmowane s\u0105 zgodnie z zawartymi umowami.<br>Pracownik przyjmuj\u0105cy zwierz\u0119 (po godzinach pracy gabinetu) dokonuje pierwszych<br>ogl\u0119dzin zwierz\u0119cia. W sytuacji wymagaj\u0105cej ingerencji lekarza weterynarii bezzw\u0142ocznie<br>informuje o tym fakcie nadzoruj\u0105cego schronisko.<\/li>\n\n\n\n<li>Ka\u017cde zwierz\u0119 przyby\u0142e do Schroniska jest czipowane i obj\u0119te jest 15 dniow\u0105<br>kwarantann\u0105 w czasie kt\u00f3rej jest obserwowane pod k\u0105tem mi\u0119dzy innymi chor\u00f3b<br>zaka\u017anych.<\/li>\n\n\n\n<li>Po up\u0142ywie kwarantanny zwierz\u0119 przygotowywane jest do adopcji.<\/li>\n\n\n\n<li>Zwierz\u0119ta kt\u00f3re trafi\u0105 do Schroniska s\u0105 poddawane szczepieniom profilaktycznym,<br>zabezpieczeniu przeciw paso\u017cytom i trwa\u0142emu znakowaniu (mikro-chip).<\/li>\n\n\n\n<li>Zwierz\u0119ta chore i po zabiegach operacyjnych przebywaj\u0105 w oddzielnych<br>boksach\/izolatkach lub pomieszczeniu pozabiegowym \u2013 wed\u0142ug decyzji lekarza.<\/li>\n\n\n\n<li>Do schroniska przyjmowane s\u0105 koty bezdomne zgodnie z zawartymi umowami.<\/li>\n\n\n\n<li>W przypadku od\u0142owienia zwierz\u0119cia oznakowanego lub posiadaj\u0105cego adresatk\u0119<br>wskazuj\u0105ca dane jego w\u0142a\u015bciciela, Schronisko zobowi\u0105zuje si\u0119 do powiadomienia<br>w\u0142a\u015bciciela i umo\u017cliwia mu odebrania zwierz\u0119cia.<\/li>\n\n\n\n<li>Odbi\u00f3r zwierz\u0119cia odbywa si\u0119 po przedstawieniu przez w\u0142a\u015bciciela dokumentu<br>potwierdzaj\u0105cego w\u0142asno\u015b\u0107 zwierzecia .<\/li>\n\n\n\n<li>Informacje o ka\u017cdym zwierz\u0119ciu przyj\u0119tym do Schroniska umieszczane s\u0105 w<br>dokumentacji ewidencyjnej Schroniska \u2013 w tym w karcie ewidencyjnej schroniska.<\/li>\n\n\n\n<li>Schronisko prowadzi ewidencje zwierz\u0105t przyj\u0119tych i wydanych, upadk\u00f3w i eutanazji.<br>\u00a79<br>Dokumentacja pobytu zwierz\u0105t<br>Schronisko prowadzi dokumentacj\u0119 zwi\u0105zan\u0105 z wykazem zwierz\u0105t przebywaj\u0105cych pod<br>jego opiek\u0105.<br>\u00a710<br>Adopcja zwierz\u0105t<\/li>\n\n\n\n<li>Zwierz\u0119ta przebywaj\u0105ce w schronisku s\u0105 przekazywane do adopcji nie wcze\u015bniej ni\u017c po<br>zako\u0144czonym okresie kwarantanny tj. 15 dni liczone bez dnia przyj\u0119cia.<\/li>\n\n\n\n<li>Schronisko zastrzega sobie wydanie zwierz\u0119cia do adopcji wy\u0142\u0105cznie<br>po zawarciu Umowy Adopcyjnej Schroniska \u201eJasionka\u201d<\/li>\n\n\n\n<li>Do adopcji wydawane s\u0105 zwierz\u0119ta po wykonanych zabiegach sterylizacji lub kastracji(<br>je\u015bli nie ma przeciwwskaza\u0144 lekarskich do ich wykonania )<br>Zwierz\u0119ta w wieku nie pozwalaj\u0105cym na wykonanie w\/w zabieg\u00f3w ( szczeni\u0119ta i kociaki )<br>przekazywane s\u0105 do adopcji po wcze\u015bniejszym podpisaniu przez nowego w\u0142a\u015bciciela<br>zobowi\u0105zania do ich wykonania w terminie widniej\u0105cym na dokumencie adopcyjnym<\/li>\n\n\n\n<li>Schronisko zastrzega sobie prawo odmowy adopcji:<br>a. Osobom niepe\u0142noletnim<br>b. Osobom b\u0119d\u0105cym po wp\u0142ywem alkoholu b\u0105d\u017a innych \u015brodk\u00f3w odurzaj\u0105cych.<br>c. Osobom nie przygotowanym do ich transportu zgodnie obowi\u0105zuj\u0105cym w schronisku z<br>Regulaminem Adopcji ( za\u0142\u0105cznik nr 4 )<br>d. Osobom podejrzanym o spekulacje i handel zwierz\u0119tami<br>e. Osobom kt\u00f3re w ci\u0105gu ostatnich 5 lat zosta\u0142y skazane prawomocnym wyrokiem sadu<br>za zn\u0119canie si\u0119 nad zwierz\u0119tami , oraz w ci\u0105gu ostatnich 2 lat zrzek\u0142y si\u0119 praw w\u0142asno\u015bci<br>innego zwierz\u0119cia.<\/li>\n\n\n\n<li>Do adopcji przekazywane s\u0105 wy\u0142\u0105cznie zwierz\u0119ta w pe\u0142ni samodzielne, zdrowe ( z<br>wyj\u0105tkiem zwierz\u0105t z chorobami przewlek\u0142ymi, kt\u00f3rych przysz\u0142y w\u0142a\u015bciciel jest \u015bwiadom i<br>zobowi\u0105zuje si\u0119 do zapewnienia im nale\u017cytej opieki zgodnie z zaleceniami lekarza<br>weterynarii )<\/li>\n\n\n\n<li>Schronisko mo\u017ce przekaza\u0107 zwierz\u0119ta do adopcji stowarzyszeniom oraz fundacjom<br>kt\u00f3rych statutowym celem jest ochrona zwierz\u0105t, po zawarciu stosownej umowy<br>adopcyjnej i tylko w przypadku gdy umowa z w\u0142a\u015bciw\u0105 gmin\u0105 tego nie wyklucza.<\/li>\n\n\n\n<li>Zwierz\u0119ta po okresie kwarantanny zostaj\u0105 poddane zabiegom sterylizacji lub kastracji. (<br>dotyczy osobnik\u00f3w doros\u0142ych i bez przeciwwskaza\u0144 do ich wykonania ). O terminie b\u0105d\u017a<br>wykluczeniu zwierz\u0119cia z wykonania zabiegu decyduje lekarz weterynarii poprzez<br>stosowny wpis w dokumentacji zwierz\u0119cia<\/li>\n\n\n\n<li>Po zako\u0144czeniu procedury adopcyjnej Schronisko zobowi\u0105zane jest do wprowadzenia<br>danych personalnych nowego opiekuna do mi\u0119dzynarodowej bazy danych.<\/li>\n\n\n\n<li>W sprawach spornych dotycz\u0105cych adopcji decyzj\u0119 podejmuje w\u0142a\u015bciciel zwierz\u0119cia.<br>\u00a712<br>Eutanazja<\/li>\n\n\n\n<li>Eutanazja zwierz\u0119cia odbywa si\u0119 tylko i wy\u0142\u0105cznie na podstawie aktualnych<br>i obowi\u0105zuj\u0105cych przepis\u00f3w weterynaryjnych oraz zgodnie z wytycznymi ustawy o<br>ochronie zwierz\u0105t<\/li>\n\n\n\n<li>Decyzje o konieczno\u015bci eutanazji mo\u017ce podj\u0105\u0107 wy\u0142\u0105cznie lekarz weterynarii w przypadku<br>gdy wyst\u0105pi obiektywny stan rzeczy polegaj\u0105cy na tym, \u017ce zwierz\u0119 mo\u017ce dalej \u017cy\u0107<br>jedynie cierpi\u0105c i znosz\u0105c b\u00f3l, a moralnym obowi\u0105zkiem cz\u0142owieka staje si\u0119 skr\u00f3cenie<br>cierpie\u0144 zwierz\u0119cia.<\/li>\n\n\n\n<li>Zw\u0142oki przechowywane s\u0105 w odpowiednio dostosowanym pomieszczeniu a nast\u0119pnie<br>przekazywane odpowiedniej instytucji do utylizacji.<br>\u00a713<br>Dzia\u0142alno\u015b\u0107 Us\u0142ugowa Schroniska<\/li>\n\n\n\n<li>Po zako\u0144czeniu wsp\u00f3\u0142pracy z dan\u0105 gmin\u0105, schronisko naliczy op\u0142at\u0119 hotelow\u0105 70 z\u0142<br>brutto za dzie\u0144 pobytu zwierz\u0119cia za ka\u017cdy dzie\u0144 pobytu zwierz\u0119cia.<br>\u00a714<br>Promocja schroniska w Jasionce<\/li>\n\n\n\n<li>Przez promocj\u0119 rozumiemy dbanie o jak najlepszy wizerunek schroniska oraz inne<br>czynno\u015bci zwi\u0105zanych z jego funkcjonowaniem .<\/li>\n\n\n\n<li>Promocja poprzez popularyzowanie i rozpowszechnianie wiedzy o prawach zwierz\u0105t<br>oraz w\u0142a\u015bciwej opiece, odpowiedzialno\u015bci i obowi\u0105zkach w\u0142a\u015bcicieli.<\/li>\n\n\n\n<li>Schronisko mo\u017ce nawi\u0105zywa\u0107 wsp\u00f3\u0142prac\u0119 ze szko\u0142ami i innymi instytucjami w ramach<br>program\u00f3w edukacyjnych i adopcyjnych, oraz przeprowadza\u0107 akcje promocyjne o<br>tematyce humanitarnego traktowania zwierz\u0105t<\/li>\n\n\n\n<li>Promocja schroniska mo\u017ce odbywa\u0107 si\u0119 na jego terenie jak poza nim<\/li>\n\n\n\n<li>Promocja na zewn\u0105trz polega na \u015bcis\u0142ej wsp\u00f3\u0142pracy ze \u015brodkami masowego przekazu<br>zar\u00f3wno lokalnymi jak i og\u00f3lnopolskimi w kwestii udost\u0119pniania wizerunku zwierz\u0105t do<br>adopcji oraz pracy schroniska.<\/li>\n\n\n\n<li>Schronisko \u201eJasionka \u201e \u015bci\u015ble wsp\u00f3\u0142pracuje z Fundacjami oraz Stowarzyszeniami<br>w zakresie wyszukiwania dla zwierz\u0105t dom\u00f3w adopcyjnych oraz przeciwdzia\u0142ania<br>bezdomno\u015bci.<br>\u00a715<br>Przeprowadzanie czynno\u015bci odbioru lub od\u0142owienia zwierz\u0105t<\/li>\n\n\n\n<li>Schronisko nie przyjmuje zg\u0142osze\u0144 od os\u00f3b prywatnych.<\/li>\n\n\n\n<li>Czynno\u015bci od\u0142owienia i odbioru zwierz\u0119cia prowadzone s\u0105 przez pracownika Schroniska<br>na podstawie zg\u0142oszenia dokonanego przez osob\u0119 uprawnion\u0105 , funkcjonariusza policji ,<br>stra\u017cy miejskiej b\u0105d\u017a innej jednostki upowa\u017cnionej przez Prezydenta, Burmistrza lub<br>W\u00f3jta danego terenu do dokonania zg\u0142oszenia.<br>( Uregulowane w umowach pomi\u0119dzy Schroniskiem a w\/w organem )<\/li>\n\n\n\n<li>Zg\u0142oszenia odbioru lub od\u0142owie\u0144 zwierz\u0105t przyjmowane s\u0105 wy\u0142\u0105cznie telefonicznie<br>\u00a716<br>Wolontariat w Schronisku<\/li>\n\n\n\n<li>Na terenie Schroniska \u201eJasionka\u201d funkcjonuje wolontariat na zasadach \u015bci\u015ble<br>okre\u015blonych we wsp\u00f3\u0142pracy z fundacj\u0105 , kt\u00f3ra koordynuje wolontariat.<br>\u00a717<br>Kontrole<\/li>\n\n\n\n<li>Kontrol\u0119 nad dzia\u0142alno\u015bci\u0105 schroniska dla zwierz\u0105t jako schroniska w rozumieniu ustawy<br>z dnia 11.marca 2004r o ochronie zdrowia zwierz\u0105t oraz zwalczaniu chor\u00f3b zaka\u017anych<br>sprawuje Powiatowy Inspektorat Weterynarii<\/li>\n\n\n\n<li>Kontrol\u0119 nad dzia\u0142alno\u015bci\u0105 gabinetu weterynaryjnego Schroniska dla Zwierz\u0105t , jako<br>zak\u0142adem leczniczym dla zwierz\u0105t w rozumieniu ustawy z dnia 18. grudnia 2003r o<br>zak\u0142adach leczniczych dla zwierz\u0105t sprawuje \u0141\u00f3dzka Izba Lekarsko-Weterynaryjna<br>Regulamin wchodzi w \u017cycie z dniem podpisania przez w\u0142a\u015bciciela.<br>Przemys\u0142aw Skupi\u0144ski<br>Jasionka dnia 26.03.2026<br>RODO<br>KLAUZULA RODO<br>1.Administratorem Pana\/-Pani danych osobowych jest: \u017bWIR-MAX FIRMA<br>PRZEMYS\u0141AW SKUPI\u0143SKI D\u0104BR\u00d3WKA STRUMIANY UL.POGODNA 37 95-100<br>ZGIERZ TEL: 501232300<\/li>\n\n\n\n<li>Podane przez Pana\/-Pani\u0105 dane osobowe b\u0119d\u0105 przetwarzane w celu wprowadzenia<br>informacji o nowym w\u0142a\u015bcicielu oddanego do adopcji lub odebranego zwierz\u0119cia do bazy<br>danych czip: www.cbdzoe.pl lub www.safe-animal.eu<\/li>\n\n\n\n<li>Podstaw\u0105 prawn\u0105 przetwarzania danych jest zapis w art. 23 ust. 1 pkt 3 i 5 UODO<br>Przetwarzanie danych osobowych jest dopuszczalne tylko wtedy, gdy:<br>\uf0b7 Jest to konieczne do realizacji umowy, gdy osoba, kt\u00f3rej dane dotycz\u0105 jest jej stron\u0105 lub<br>gdy jest to niezb\u0119dne do podj\u0119cia dzia\u0142a\u0144 przed zawarciem umowy na \u017c\u0105danie osoby,<br>kt\u00f3rej dane dotycz\u0105;<br>\uf0b7 Osoba, kt\u00f3rej dane dotycz\u0105 wyrazi na to zgod\u0119, chyba, \u017ce chodzi o usuni\u0119cie jej danych;<br>\u2013 Jest to niezb\u0119dne dla zrealizowania uprawnienia lub spe\u0142nienia obowi\u0105zku<br>wynikaj\u0105cego z przepisu prawa;<br>\uf0b7 Jest niezb\u0119dne do wykonania \u015bci\u015ble okre\u015blonych prawem zada\u0144 realizowanych dla dobra<br>publicznego;<br>\uf0b7 Jest to niezb\u0119dne dla wype\u0142nienia prawnie usprawiedliwionych cel\u00f3w realizowanych<br>przez administrator\u00f3w danych albo odbiorc\u00f3w danych, a przetwarzanie nie narusza praw<br>i wolno\u015bci osoby, kt\u00f3rej dane dotycz\u0105.<\/li>\n\n\n\n<li>Dane osobowe b\u0119d\u0105 przetwarzana tylko na potrzeby realizacji umowy adopcji lub<br>odbioru zwierz\u0119cia. Udost\u0119pniane b\u0119d\u0105 Urz\u0119dom Gmin lub Miast, kt\u00f3re sprawowa\u0142y<br>prawn\u0105 opiek\u0119 nad zwierz\u0119ciem do momentu jego adopcji\/odbioru ze Schroniska oraz<br>na potrzeby wpisu danych zwierz\u0119cia i jego w\u0142a\u015bciciela do bazy danych czip.<\/li>\n\n\n\n<li>Pana\/-Pani umowa adopcyjna lub odbioru b\u0119dzie przechowywana przez okres 5 lat<br>liczonych od momentu zako\u0144czenia roku kalendarzowego, w kt\u00f3rym nast\u0105pi\u0142a adopcja<br>lub odbi\u00f3r po c up\u0142ywie wy\u017cej wymienionych okres\u00f3w Pa\u0144stwa dane s\u0105 usuwane lub<br>poddawane anonimizacji<\/li>\n\n\n\n<li>Przys\u0142uguje Pani\/Panu prawo dost\u0119pu do tre\u015bci danych oraz ich sprostowania,<br>usuni\u0119cia lub ograniczenia przetwarzania, a tak\u017ce prawo sprzeciwu, za\u017c\u0105dania<br>zaprzestania przetwarzania i przenoszenia danych, jak r\u00f3wnie\u017c prawo do cofni\u0119cia<br>zgody w dowolnym momencie oraz prawo do wniesienia skargi do organu nadzorczego<br>Prezesa Urz\u0119du Ochrony Danych Osobowych.<\/li>\n\n\n\n<li>Udost\u0119pnienie danych do umowy adopcyjnej\/odbioru jest warunkiem jej zawarcia.<br>Niepodanie danych osobowych skutkuje odmow\u0105 wydania zwierz\u0119cia do adopcji lub<br>odbioru.<\/li>\n\n\n\n<li>Administrator nie stosuje zautomatyzowanego podejmowania decyzji, w tym<br>profilowania<\/li>\n\n\n\n<li>Administrator danych nie ma zamiaru przekazywa\u0107 danych osobowych do pa\u0144stw<br>trzecich po za teren Unii Europejskiej lub organizacji mi\u0119dzynarodowej.<\/li>\n<\/ol>\n","protected":false},"excerpt":{"rendered":"<p>WA\u017bNE INFORMACJERegulamin Schroniska i hotelu dla zwierz\u0105t JasionkaJasionka 95-100 Zgierz, ul. Sko\u015bna 15 gmina Zgierz\u00a71Poj\u0119cia u\u017cyte w regulaminie Schroniska oznaczaj\u0105W\u0142a\u015bciciel \u2013 osoba z kt\u00f3rej inicjatywy i jej \u015brodk\u00f3w w\u0142asnych powsta\u0142o Schronisko dlazwierz\u0105t.Schronisko dla zwierz\u0105t\u2013 Schronisko dla bezdomnych zwierz\u0105t \u201eJasionka\u201dPracownicy \u2013 osoby zatrudnieni na terenie schroniskaOpiekun \u2013 Osoba odpowiedzialna za opiek\u0119 nad zwierz\u0119tami w Schronisku ichpiel\u0119gnacj\u0119 oraz utrzymanie porz\u0105dku i czysto\u015bci w boksach dla zwierz\u0105t.Karetka dla Zwierz\u0105t \u2013 pojazd przystosowany do przewozu rannych i okaleczonychzwierz\u0105tSamoch\u00f3d do przewozu zwierz\u0105t \u2013 pojazd przystosowany do przewozu zwierz\u0105tod\u0142owionych, odbieranych z terenu Miast i Gmin z kt\u00f3rym Schronisko ma podpisan\u0105umow\u0119Wolontariusz \u2013 osoba, kt\u00f3ra dobrowolnie i nieodp\u0142atnie wyrazi ch\u0119\u0107 pracy na rzeczzwierz\u0105t na terenie Schroniska, oraz podpisze porozumienie o wzajemnej wsp\u00f3\u0142pracy zfundacj\u0105 koordynuj\u0105c\u0105 wolontariat..Regulamin \u2013 dokument okre\u015blaj\u0105cy wewn\u0119trzna organizacj\u0119, zasady i zakresfunkcjonowania Schroniska \u201eJasionka\u201d.\u00a72Podstawy prawne<\/p>\n","protected":false},"author":1,"featured_media":0,"parent":0,"menu_order":0,"comment_status":"closed","ping_status":"open","template":"","meta":{"footnotes":""},"class_list":["post-3","page","type-page","status-publish","hentry"],"_links":{"self":[{"href":"http:\/\/adoptujpsa.com.pl\/index.php?rest_route=\/wp\/v2\/pages\/3","targetHints":{"allow":["GET"]}}],"collection":[{"href":"http:\/\/adoptujpsa.com.pl\/index.php?rest_route=\/wp\/v2\/pages"}],"about":[{"href":"http:\/\/adoptujpsa.com.pl\/index.php?rest_route=\/wp\/v2\/types\/page"}],"author":[{"embeddable":true,"href":"http:\/\/adoptujpsa.com.pl\/index.php?rest_route=\/wp\/v2\/users\/1"}],"replies":[{"embeddable":true,"href":"http:\/\/adoptujpsa.com.pl\/index.php?rest_route=%2Fwp%2Fv2%2Fcomments&post=3"}],"version-history":[{"count":5,"href":"http:\/\/adoptujpsa.com.pl\/index.php?rest_route=\/wp\/v2\/pages\/3\/revisions"}],"predecessor-version":[{"id":11577,"href":"http:\/\/adoptujpsa.com.pl\/index.php?rest_route=\/wp\/v2\/pages\/3\/revisions\/11577"}],"wp:attachment":[{"href":"http:\/\/adoptujpsa.com.pl\/index.php?rest_route=%2Fwp%2Fv2%2Fmedia&parent=3"}],"curies":[{"name":"wp","href":"https:\/\/api.w.org\/{rel}","templated":true}]}}